{"id":5,"date":"2013-08-03T16:31:58","date_gmt":"2013-08-03T14:31:58","guid":{"rendered":"http:\/\/lippstaedter-liegenschaftsverwaltung.de\/?page_id=5"},"modified":"2021-04-09T18:26:55","modified_gmt":"2021-04-09T16:26:55","slug":"startseite","status":"publish","type":"page","link":"https:\/\/lippstaedter-liegenschaftsverwaltung.de\/","title":{"rendered":"Startseite"},"content":{"rendered":"<p><span style=\"color: #2c363b; font-size: small;\"><span style=\"font-family: Arial,serif;\"><b>Willkommen<\/b><\/span><\/span><\/p>\n<p><span style=\"font-size: small;\"><span style=\"color: #2c363b;\"><span style=\"font-family: Arial,serif;\">Die Lippst\u00e4dter Liegenschaftsverwaltung ist Ihr erfahrener Ansprechpartner rund um das Immobilienmanagement. Gegenstand unserer Gesch\u00e4ftst\u00e4tigkeit ist die Verwaltung von Wohn- und Gewerbeimmobilien mit dem Fokus auf dem regionalen Immobilienteilmarkt. Die optimale Verwaltung einer Immobilie erfordert die N\u00e4he zum Objekt. Sitz unserer <\/span><\/span><span style=\"color: #2c363b;\"><span style=\"font-family: Arial,serif;\">Verwaltung ist Lippstadt<\/span><\/span><span style=\"color: #2c363b;\"><span style=\"font-family: Arial,serif;\">. <\/span><\/span><\/span><\/p>\n<p><span style=\"font-size: small;\"><span style=\"color: #2c363b;\"><span style=\"font-family: Arial,serif;\">Wir kennen die Bed\u00fcrfnisse der Immobilienbesitzer und Investoren. Wir sind uns der vielseitigen Anforderungen bewusst und agieren verantwortungsvoll f\u00fcr unsere Klienten. Wir betreuen alle Arten von Eigent\u00fcmern, von Privatpersonen bis zu professionellen Anlegern. Dabei <\/span><\/span><span style=\"color: #2c363b;\"><span style=\"font-family: Arial,serif;\">verwalten wir u. a. Mehrfamilienh\u00e4user, Studenten-Wohngemeinschaften, Gesch\u00e4ftsh\u00e4user und Wohneinheiten von Kapitalanlegern in Wohnungseigentumsgemeinschaften und als Mietverwaltungen. <\/span><\/span><\/span><\/p>\n<p><span style=\"color: #2c363b; font-size: small;\"><span style=\"font-family: Arial,serif;\">Unsere dynamische Dienstleistungsausrichtung stellt sich den individuellen Anforderungen aller Eigent\u00fcmergemeinschaften und Investorengruppen. Ob Investor oder privater Immobilienbesitzer, wir sind Ihr zuverl\u00e4ssiger Partner f\u00fcr die erfolgreiche Umsetzung Ihrer strategischen und operativen Ziele in jeder Ebene:<\/span><\/span><\/p>\n<ul>\n<li><strong><span style=\"color: #2c363b; font-size: small;\"><span style=\"font-family: Arial,serif;\"><i>Projektentwicklung<\/i><\/span><\/span><\/strong><\/li>\n<li><strong><span style=\"color: #2c363b; font-size: small;\"><span style=\"font-family: Arial,serif;\"><i>WEG- und Mietverwaltung<\/i><\/span><\/span><\/strong><\/li>\n<li><strong><span style=\"color: #2c363b; font-size: small;\"><span style=\"font-family: Arial,serif;\"><i>Immobilienmanagement<\/i><\/span><\/span><\/strong><\/li>\n<\/ul>\n<p><span style=\"font-size: small;\"><span style=\"color: #2c363b;\"><span style=\"font-family: Arial,serif;\">Transparenz und Effizienz stehen f\u00fcr uns bei der Verwaltung Ihrer Immobilien mittels eines pr\u00e4zise definierten Leistungsprofils an erster Stelle. Unser strukturiertes Management <\/span><\/span><span style=\"color: #2c363b;\"><span style=\"font-family: Arial,serif;\">bietet Ihnen ein umfangreiches, in drei Bereiche gegliedertes Leistungsspektrum:<\/span><\/span><\/span><\/p>\n<ul>\n<li><span style=\"color: #2c363b; font-size: small;\"><span style=\"font-family: Arial,serif;\"><i><b>Kaufm\u00e4nnische Verwaltung<\/b><\/i><\/span><\/span><\/li>\n<li><span style=\"color: #2c363b; font-size: small;\"><span style=\"font-family: Arial,serif;\"><i><b>Technische Verwaltung<\/b><\/i><\/span><\/span><\/li>\n<li><span style=\"color: #2c363b; font-size: small;\"><span style=\"font-family: Arial,serif;\"><i><b>Infrastrukturelle Verwaltung<\/b><\/i><\/span><\/span><\/li>\n<\/ul>\n<p><span style=\"font-size: small;\"><span style=\"color: #2c363b;\"><span style=\"font-family: Arial,serif;\">Mit zus\u00e4tzlichen\u00a0<\/span><\/span><span style=\"color: #2c363b;\"><span style=\"font-family: Arial,serif;\"><i><b>Serviceleistungen <\/b><\/i><\/span><\/span><span style=\"color: #2c363b;\"><span style=\"font-family: Arial,serif;\">(Hausmeisterservice, Vermietung, <\/span><\/span><\/span><span style=\"font-size: small;\"><span style=\"color: #2c363b;\"><span style=\"font-family: Arial,serif;\"><span style=\"font-size: small;\"><span style=\"color: #2c363b;\"><span style=\"font-family: Arial,serif;\">Krisenintervention,<\/span><\/span><\/span> Bau- und Planungsleistungen,\u2026) sowie <\/span><\/span><span style=\"color: #2c363b;\"><span style=\"font-family: Arial,serif;\"><i><b>strategischen Partnerschaften <\/b><\/i><\/span><\/span><span style=\"color: #2c363b;\"><span style=\"font-family: Arial,serif;\">zu weiteren Leistungen bieten wir Ihnen ein umfassendes Angebot rund um Immobilien an.<\/span><\/span><\/span><\/p>\n<p><span style=\"color: #2c363b; font-size: small;\"><span style=\"font-family: Arial,serif;\">Gern erl\u00e4utern wir Ihnen unser Leistungsprofil in einem pers\u00f6nlichen Gespr\u00e4ch.<\/span><\/span><\/p>\n<p><span style=\"color: #2c363b; font-size: small;\"><span style=\"font-family: Arial,serif;\">Sprechen Sie uns an!<\/span><\/span><\/p>\n","protected":false},"excerpt":{"rendered":"<p>Willkommen Die Lippst\u00e4dter Liegenschaftsverwaltung ist Ihr erfahrener Ansprechpartner rund um das Immobilienmanagement. Gegenstand unserer Gesch\u00e4ftst\u00e4tigkeit ist die Verwaltung von Wohn- und Gewerbeimmobilien mit dem Fokus auf dem regionalen Immobilienteilmarkt. Die optimale Verwaltung einer Immobilie erfordert die N\u00e4he zum Objekt. Sitz unserer Verwaltung ist Lippstadt. Wir kennen die Bed\u00fcrfnisse der Immobilienbesitzer und Investoren. Wir sind uns&hellip; <a href=\"https:\/\/lippstaedter-liegenschaftsverwaltung.de\/\">Read More<\/a><\/p>\n","protected":false},"author":1,"featured_media":0,"parent":0,"menu_order":0,"comment_status":"closed","ping_status":"closed","template":"","meta":{"footnotes":""},"class_list":["post-5","page","type-page","status-publish","hentry"],"_links":{"self":[{"href":"https:\/\/lippstaedter-liegenschaftsverwaltung.de\/index.php?rest_route=\/wp\/v2\/pages\/5","targetHints":{"allow":["GET"]}}],"collection":[{"href":"https:\/\/lippstaedter-liegenschaftsverwaltung.de\/index.php?rest_route=\/wp\/v2\/pages"}],"about":[{"href":"https:\/\/lippstaedter-liegenschaftsverwaltung.de\/index.php?rest_route=\/wp\/v2\/types\/page"}],"author":[{"embeddable":true,"href":"https:\/\/lippstaedter-liegenschaftsverwaltung.de\/index.php?rest_route=\/wp\/v2\/users\/1"}],"replies":[{"embeddable":true,"href":"https:\/\/lippstaedter-liegenschaftsverwaltung.de\/index.php?rest_route=%2Fwp%2Fv2%2Fcomments&post=5"}],"version-history":[{"count":10,"href":"https:\/\/lippstaedter-liegenschaftsverwaltung.de\/index.php?rest_route=\/wp\/v2\/pages\/5\/revisions"}],"predecessor-version":[{"id":260,"href":"https:\/\/lippstaedter-liegenschaftsverwaltung.de\/index.php?rest_route=\/wp\/v2\/pages\/5\/revisions\/260"}],"wp:attachment":[{"href":"https:\/\/lippstaedter-liegenschaftsverwaltung.de\/index.php?rest_route=%2Fwp%2Fv2%2Fmedia&parent=5"}],"curies":[{"name":"wp","href":"https:\/\/api.w.org\/{rel}","templated":true}]}}