{"id":27,"date":"2013-08-03T16:39:09","date_gmt":"2013-08-03T14:39:09","guid":{"rendered":"http:\/\/lippstaedter-liegenschaftsverwaltung.de\/?page_id=27"},"modified":"2025-04-08T11:29:02","modified_gmt":"2025-04-08T09:29:02","slug":"impressum","status":"publish","type":"page","link":"https:\/\/lippstaedter-liegenschaftsverwaltung.de\/?page_id=27","title":{"rendered":"Impressum"},"content":{"rendered":"<p><span style=\"font-family: arial,helvetica,sans-serif; font-size: small; color: #333333;\"><strong>Verantwortlich f\u00fcr den Inhalt:<br \/>\n<\/strong><\/span><\/p>\n<p><span style=\"font-family: arial,helvetica,sans-serif; font-size: small; color: #333333;\">Dipl.-Ing. (FH) Matthias H\u00f6tte<\/span><br \/>\n<span style=\"font-family: arial,helvetica,sans-serif; font-size: small; color: #333333;\"> Dipl.-Ing. (TU) Andreas Rakoczy<\/span><\/p>\n<p><span style=\"font-family: arial,helvetica,sans-serif; font-size: small; color: #333333;\">Postadresse:<\/span><\/p>\n<p><span style=\"font-family: arial,helvetica,sans-serif; font-size: small; color: #333333;\">WEG-Verwaltung<\/span><\/p>\n<p><span style=\"font-family: arial,helvetica,sans-serif; font-size: small; color: #333333;\">c\/o H\u00f6tte u. Rakoczy<\/span><\/p>\n<p><span style=\"font-family: arial,helvetica,sans-serif; font-size: small; color: #333333;\">Am Bruchgraben 9<\/span><\/p>\n<p><span style=\"font-family: arial,helvetica,sans-serif; font-size: small; color: #333333;\">59555 Lippstadt<\/span><\/p>\n<p><span style=\"font-family: arial,helvetica,sans-serif; font-size: small; color: #333333;\">B\u00fcro:<\/span><\/p>\n<p><span style=\"font-family: arial,helvetica,sans-serif; font-size: small; color: #333333;\">Burgstra\u00dfe 12<\/span><br \/>\n<span style=\"font-family: arial,helvetica,sans-serif; font-size: small; color: #333333;\"> 59555 Lippstadt<\/span><\/p>\n<p align=\"left\"><span style=\"font-size: small; font-family: arial,helvetica,sans-serif; color: #333333;\">Tel.: 02941 9 68 61 71<\/span><br \/>\n<span style=\"color: #333333;\"> <span style=\"font-size: small; font-family: arial,helvetica,sans-serif;\"> Mobil: <\/span><span style=\"font-size: small; font-family: arial,helvetica,sans-serif;\">0175 7 66 40 41<\/span><\/span><br \/>\n<span style=\"font-size: small; font-family: arial,helvetica,sans-serif; color: #333333;\"> E-Mail: Lippstaedter-LV@t-online.de<\/span><\/p>\n<p><span style=\"color: #333333;\"><strong>Internet:<\/strong> <a href=\"http:\/\/www.rakoczy.de\"><span style=\"color: #333333;\">www.lippstaedter-liegenschaftsverwaltung.de<\/span><\/a><\/span><\/p>\n<p><span style=\"font-family: arial,helvetica,sans-serif; font-size: small; color: #333333;\">Angaben gem\u00e4\u00df \u00a75 des Telemediengesetzes (TMG) in der Fassung \u00fcber rechtliche Rahmenbedingungen f\u00fcr den elektronischen Gesch\u00e4ftsverkehr:<\/span><\/p>\n<p><span style=\"font-family: arial,helvetica,sans-serif; font-size: small; color: #333333;\">Alle Zeichnungen, Fotos und Texte sind urheberrechtlich gesch\u00fctzt.<\/span><\/p>\n<p><span style=\"font-family: arial,helvetica,sans-serif; font-size: small; color: #333333;\"><strong>Gestaltung und Design:<\/strong><\/span><\/p>\n<p><span style=\"font-family: arial,helvetica,sans-serif; font-size: small; color: #333333;\"><a href=\"http:\/\/www.rakoczy.de\"><span style=\"color: #333333;\">www.lippstaedter-liegenschaftsverwaltung.de<br \/>\n<\/span><\/a><\/span><\/p>\n<p><span style=\"font-family: arial,helvetica,sans-serif; font-size: small; color: #333333;\"><strong>Haftungshinweis:<\/strong><\/span><\/p>\n<p><span style=\"font-family: arial,helvetica,sans-serif; font-size: small; color: #333333;\">Trotz sorgf\u00e4ltiger inhaltlicher Kontrolle \u00fcbernimmt der Anbieter dieses Internet-Angebots keine Haftung f\u00fcr die Inhalte externer Links. F\u00fcr den Inhalt der verlinkten Seiten sind ausschlie\u00dflich deren Betreiber verantwortlich.<\/span><\/p>\n","protected":false},"excerpt":{"rendered":"<p>Verantwortlich f\u00fcr den Inhalt: Dipl.-Ing. (FH) Matthias H\u00f6tte Dipl.-Ing. (TU) Andreas Rakoczy Postadresse: WEG-Verwaltung c\/o H\u00f6tte u. Rakoczy Am Bruchgraben 9 59555 Lippstadt B\u00fcro: Burgstra\u00dfe 12 59555 Lippstadt Tel.: 02941 9 68 61 71 Mobil: 0175 7 66 40 41 E-Mail: Lippstaedter-LV@t-online.de Internet: www.lippstaedter-liegenschaftsverwaltung.de Angaben gem\u00e4\u00df \u00a75 des Telemediengesetzes (TMG) in der Fassung \u00fcber rechtliche&hellip; <a href=\"https:\/\/lippstaedter-liegenschaftsverwaltung.de\/?page_id=27\">Read More<\/a><\/p>\n","protected":false},"author":1,"featured_media":0,"parent":0,"menu_order":12,"comment_status":"closed","ping_status":"closed","template":"","meta":{"footnotes":""},"class_list":["post-27","page","type-page","status-publish","hentry"],"_links":{"self":[{"href":"https:\/\/lippstaedter-liegenschaftsverwaltung.de\/index.php?rest_route=\/wp\/v2\/pages\/27","targetHints":{"allow":["GET"]}}],"collection":[{"href":"https:\/\/lippstaedter-liegenschaftsverwaltung.de\/index.php?rest_route=\/wp\/v2\/pages"}],"about":[{"href":"https:\/\/lippstaedter-liegenschaftsverwaltung.de\/index.php?rest_route=\/wp\/v2\/types\/page"}],"author":[{"embeddable":true,"href":"https:\/\/lippstaedter-liegenschaftsverwaltung.de\/index.php?rest_route=\/wp\/v2\/users\/1"}],"replies":[{"embeddable":true,"href":"https:\/\/lippstaedter-liegenschaftsverwaltung.de\/index.php?rest_route=%2Fwp%2Fv2%2Fcomments&post=27"}],"version-history":[{"count":11,"href":"https:\/\/lippstaedter-liegenschaftsverwaltung.de\/index.php?rest_route=\/wp\/v2\/pages\/27\/revisions"}],"predecessor-version":[{"id":285,"href":"https:\/\/lippstaedter-liegenschaftsverwaltung.de\/index.php?rest_route=\/wp\/v2\/pages\/27\/revisions\/285"}],"wp:attachment":[{"href":"https:\/\/lippstaedter-liegenschaftsverwaltung.de\/index.php?rest_route=%2Fwp%2Fv2%2Fmedia&parent=27"}],"curies":[{"name":"wp","href":"https:\/\/api.w.org\/{rel}","templated":true}]}}