{"id":25,"date":"2013-08-03T16:38:47","date_gmt":"2013-08-03T14:38:47","guid":{"rendered":"http:\/\/lippstaedter-liegenschaftsverwaltung.de\/?page_id=25"},"modified":"2025-04-08T11:29:48","modified_gmt":"2025-04-08T09:29:48","slug":"kontakt","status":"publish","type":"page","link":"https:\/\/lippstaedter-liegenschaftsverwaltung.de\/?page_id=25","title":{"rendered":"Kontakt"},"content":{"rendered":"<p><span style=\"font-family: arial,helvetica,sans-serif; color: #333333;\"><strong><span style=\"font-size: small;\">Ansprechpartner<\/span><\/strong><\/span><\/p>\n<ul>\n<li><span style=\"font-size: small; font-family: arial,helvetica,sans-serif; color: #333333;\">Sie wollen sich unverbindlich beraten lassen?<\/span><\/li>\n<li><span style=\"color: #333333; font-size: small; font-family: arial,helvetica,sans-serif;\">Sie wollen Fl\u00e4chen umnutzen, erweitern oder planen eine Sanierung?<\/span><\/li>\n<li><span style=\"color: #333333; font-size: small; font-family: arial,helvetica,sans-serif;\">Dann sprechen Sie uns an! Wir beraten Sie gerne!<\/span><\/li>\n<\/ul>\n<p align=\"JUSTIFY\"><span style=\"color: #333333; font-size: small; font-family: arial,helvetica,sans-serif;\">Wir, die Lippst\u00e4dter Liegenschaftsverwaltung, kennen die Bed\u00fcrfnisse und Gewohnheiten der Mieter und Investoren. Wir haben beste Kontakte zu allen zust\u00e4ndigen Beh\u00f6rden.<\/span><\/p>\n<p><span style=\"color: #333333; font-size: small; font-family: arial,helvetica,sans-serif;\">Sprechen Sie uns an!<\/span><\/p>\n<p><span style=\"font-size: small; font-family: arial,helvetica,sans-serif; color: #333333;\"><b><br \/>\n<\/b><strong>Postadresse<\/strong><b><br \/>\n<\/b><\/span><\/p>\n<p><span style=\"font-family: arial,helvetica,sans-serif; font-size: small; color: #333333;\">WEG-Verwaltung<\/span><\/p>\n<p><span style=\"font-family: arial,helvetica,sans-serif; font-size: small; color: #333333;\">c\/o H\u00f6tte u. Rakoczy<\/span><\/p>\n<p><span style=\"font-family: arial,helvetica,sans-serif; font-size: small; color: #333333;\">Am Bruchgraben 9<\/span><\/p>\n<p><span style=\"font-family: arial,helvetica,sans-serif; font-size: small; color: #333333;\">59555 Lippstadt<\/span><\/p>\n<p><span style=\"color: #333333;\"><b>B\u00fcro<\/b><\/span><\/p>\n<p><span style=\"font-size: small; font-family: arial,helvetica,sans-serif; color: #333333;\">Burgstra\u00dfe 12<\/span><br \/>\n<span style=\"font-size: small; font-family: arial,helvetica,sans-serif; color: #333333;\"> 59555 Lippstadt<\/span><\/p>\n<p><span style=\"font-size: small; font-family: arial,helvetica,sans-serif; color: #333333;\">Mo.-Do.: 08:30-12:30 u. 14:00-17:00 Uhr<\/span><br \/>\n<span style=\"font-size: small; font-family: arial,helvetica,sans-serif; color: #333333;\"> Fr.: 08:30-12:30 Uhr<\/span><\/p>\n<p><span style=\"font-size: small; font-family: arial,helvetica,sans-serif; color: #333333;\">Termine nach Vereinbarung, nach<\/span><br \/>\n<span style=\"font-size: small; font-family: arial,helvetica,sans-serif; color: #333333;\"> Absprache auch au\u00dferhalb der B\u00fcrozeiten<\/span><\/p>\n<p align=\"left\"><span style=\"font-size: small; font-family: arial,helvetica,sans-serif; color: #333333;\">Tel.: 02941 9 68 61 71<\/span><br \/>\n<span style=\"color: #333333;\"><span style=\"font-size: small; font-family: arial,helvetica,sans-serif;\">Mobil: <\/span><span style=\"font-size: small; font-family: arial,helvetica,sans-serif;\">0175 7 66 40 41<\/span><\/span><br \/>\n<span style=\"font-size: small; font-family: arial,helvetica,sans-serif; color: #333333;\"> E-Mail: Lippstaedter-LV@t-online.de<\/span><\/p>\n<p><span style=\"font-size: small; font-family: arial,helvetica,sans-serif; color: #333333;\">www.lippstaedter-liegenschaftverwaltung.de<\/span><\/p>\n","protected":false},"excerpt":{"rendered":"<p>Ansprechpartner Sie wollen sich unverbindlich beraten lassen? Sie wollen Fl\u00e4chen umnutzen, erweitern oder planen eine Sanierung? Dann sprechen Sie uns an! Wir beraten Sie gerne! Wir, die Lippst\u00e4dter Liegenschaftsverwaltung, kennen die Bed\u00fcrfnisse und Gewohnheiten der Mieter und Investoren. Wir haben beste Kontakte zu allen zust\u00e4ndigen Beh\u00f6rden. Sprechen Sie uns an! Postadresse WEG-Verwaltung c\/o H\u00f6tte u.&hellip; <a href=\"https:\/\/lippstaedter-liegenschaftsverwaltung.de\/?page_id=25\">Read More<\/a><\/p>\n","protected":false},"author":1,"featured_media":0,"parent":0,"menu_order":11,"comment_status":"closed","ping_status":"closed","template":"","meta":{"footnotes":""},"class_list":["post-25","page","type-page","status-publish","hentry"],"_links":{"self":[{"href":"https:\/\/lippstaedter-liegenschaftsverwaltung.de\/index.php?rest_route=\/wp\/v2\/pages\/25","targetHints":{"allow":["GET"]}}],"collection":[{"href":"https:\/\/lippstaedter-liegenschaftsverwaltung.de\/index.php?rest_route=\/wp\/v2\/pages"}],"about":[{"href":"https:\/\/lippstaedter-liegenschaftsverwaltung.de\/index.php?rest_route=\/wp\/v2\/types\/page"}],"author":[{"embeddable":true,"href":"https:\/\/lippstaedter-liegenschaftsverwaltung.de\/index.php?rest_route=\/wp\/v2\/users\/1"}],"replies":[{"embeddable":true,"href":"https:\/\/lippstaedter-liegenschaftsverwaltung.de\/index.php?rest_route=%2Fwp%2Fv2%2Fcomments&post=25"}],"version-history":[{"count":11,"href":"https:\/\/lippstaedter-liegenschaftsverwaltung.de\/index.php?rest_route=\/wp\/v2\/pages\/25\/revisions"}],"predecessor-version":[{"id":286,"href":"https:\/\/lippstaedter-liegenschaftsverwaltung.de\/index.php?rest_route=\/wp\/v2\/pages\/25\/revisions\/286"}],"wp:attachment":[{"href":"https:\/\/lippstaedter-liegenschaftsverwaltung.de\/index.php?rest_route=%2Fwp%2Fv2%2Fmedia&parent=25"}],"curies":[{"name":"wp","href":"https:\/\/api.w.org\/{rel}","templated":true}]}}