{"id":21,"date":"2013-08-03T16:37:46","date_gmt":"2013-08-03T14:37:46","guid":{"rendered":"http:\/\/lippstaedter-liegenschaftsverwaltung.de\/?page_id=21"},"modified":"2022-08-14T21:54:16","modified_gmt":"2022-08-14T19:54:16","slug":"partner","status":"publish","type":"page","link":"https:\/\/lippstaedter-liegenschaftsverwaltung.de\/?page_id=21","title":{"rendered":"Partner"},"content":{"rendered":"<p><span style=\"color: #000000;\">\u00a0<\/span><\/p>\n<p align=\"JUSTIFY\"><span style=\"font-family: arial,helvetica,sans-serif; font-size: small; color: #000000;\">Wir leisten mehr als ein klassisches Immobilienverwaltung. In Zeiten steigender Anforderungen an die Assetklasse Immobilien haben wir uns von dem veralteten Leitgedanken der Verwaltung gel\u00f6st.<\/span><\/p>\n<p align=\"JUSTIFY\"><span style=\"font-family: arial,helvetica,sans-serif; font-size: small; color: #000000;\">Die Lippst\u00e4dter Liegenschaftsverwaltung bietet Ihnen gemeinsam mit externen Spezialisten eine Reihe von zus\u00e4tzlichen Serviceleistungen rund um Immobilien. Wir unterst\u00fctzen Sie gezielt, effizient und kompetent in den folgenden Bereichen:<\/span><\/p>\n<p><span style=\"color: #000000;\">\u00a0<\/span><\/p>\n<p><span style=\"color: #000000; font-size: small; font-family: arial,helvetica,sans-serif;\"><b>Bau- &amp; Planungsleistungen<\/b><\/span><\/p>\n<p align=\"JUSTIFY\"><span style=\"font-size: small; font-family: arial,helvetica,sans-serif; color: #000000;\">Jede Immobilie bedarf in Ihrem Lebenszyklus der Instandhaltung und Sanierung. Wir bieten Ihnen \u00fcber unser Partnerunternehmen, das <i><b>Architektur- und Sachverst\u00e4ndigenb\u00fcro Rakoczy<\/b><\/i><a href=\"http:\/\/www.rakoczy.de\" target=\"_blank\" rel=\"noopener\"><span style=\"color: #000000;\"><i><b> (<span style=\"color: #3366ff;\">www.rakoczy.de<\/span>)<\/b><\/i><\/span><\/a> ist Spezialist f\u00fcr alle Aufgaben zu den Themen Planung, Architektur, Sanierung und Instandhaltung.<\/span><\/p>\n<p align=\"JUSTIFY\"><span style=\"color: #000000; font-size: small; font-family: arial,helvetica,sans-serif;\">Die gesamte Planung und Umsetzung eines Bauvorhabens &#8211; von der Projektplanung bis hin zur schl\u00fcsselfertigen \u00dcbergabe &#8211; kann delegiert werden.<\/span><\/p>\n<p align=\"JUSTIFY\"><span style=\"color: #000000; font-size: small; font-family: arial,helvetica,sans-serif;\">Wir bieten Ihnen Leistungen gern als Komplettangebot oder als Einzelleistung der Fachgewerke an. Des Weiteren k\u00f6nnen wir Sie in jeder Phase des Neubaus, der Sanierung und Modernisierung ganz individuell beraten und unterst\u00fctzen.<\/span><\/p>\n<p align=\"JUSTIFY\"><span style=\"color: #000000; font-size: small; font-family: arial,helvetica,sans-serif;\">Das Leistungsspektrum erstreckt sich von der Ausf\u00fchrung der einzelnen Teilgewerke bis hin zur kompletten Kernsanierung. Mittels einer individuellen Betreuung sichern wir die Realisierung Ihrer Ziele und W\u00fcnsche. Die sorgf\u00e4ltig definierten Schnittstellen zwischen den Projektbeteiligten (Eigent\u00fcmer, Hausverwaltung, Bauleitung, Bauausf\u00fchrung, Mieter, Kreditinstitute und sonstige Vertragspartner) gew\u00e4hrleisten einen m\u00f6glichst reibungslosen Ablauf der Bau- und Planungsleistungen. Wir kennen die Bed\u00fcrfnisse und Gewohnheiten der Mieter und Investoren. Wir haben beste Kontakte zu allen zust\u00e4ndigen Beh\u00f6rden.<\/span><\/p>\n<p><span style=\"color: #000000;\">\u00a0<\/span><\/p>\n<p><span style=\"color: #000000;\"><strong><span style=\"font-family: arial,helvetica,sans-serif; font-size: small;\">Hausmeisterleistungen<\/span><\/strong><\/span><\/p>\n<p align=\"JUSTIFY\"><span style=\"font-family: arial,helvetica,sans-serif; font-size: small; color: #000000;\">Durch das Zusammenwirken von Hausverwalter (betriebswirtschaftlich) und Hausmeister (technisch) sind wir f\u00fcr Bewohner, Vermieter und Investoren unb\u00fcrokratisch und schnell handlungsf\u00e4hig.<br \/>\n<b><br \/>\n<\/b><\/span><\/p>\n","protected":false},"excerpt":{"rendered":"<p>\u00a0 Wir leisten mehr als ein klassisches Immobilienverwaltung. In Zeiten steigender Anforderungen an die Assetklasse Immobilien haben wir uns von dem veralteten Leitgedanken der Verwaltung gel\u00f6st. Die Lippst\u00e4dter Liegenschaftsverwaltung bietet Ihnen gemeinsam mit externen Spezialisten eine Reihe von zus\u00e4tzlichen Serviceleistungen rund um Immobilien. Wir unterst\u00fctzen Sie gezielt, effizient und kompetent in den folgenden Bereichen: \u00a0&hellip; <a href=\"https:\/\/lippstaedter-liegenschaftsverwaltung.de\/?page_id=21\">Read More<\/a><\/p>\n","protected":false},"author":1,"featured_media":0,"parent":0,"menu_order":9,"comment_status":"closed","ping_status":"closed","template":"","meta":{"footnotes":""},"class_list":["post-21","page","type-page","status-publish","hentry"],"_links":{"self":[{"href":"https:\/\/lippstaedter-liegenschaftsverwaltung.de\/index.php?rest_route=\/wp\/v2\/pages\/21","targetHints":{"allow":["GET"]}}],"collection":[{"href":"https:\/\/lippstaedter-liegenschaftsverwaltung.de\/index.php?rest_route=\/wp\/v2\/pages"}],"about":[{"href":"https:\/\/lippstaedter-liegenschaftsverwaltung.de\/index.php?rest_route=\/wp\/v2\/types\/page"}],"author":[{"embeddable":true,"href":"https:\/\/lippstaedter-liegenschaftsverwaltung.de\/index.php?rest_route=\/wp\/v2\/users\/1"}],"replies":[{"embeddable":true,"href":"https:\/\/lippstaedter-liegenschaftsverwaltung.de\/index.php?rest_route=%2Fwp%2Fv2%2Fcomments&post=21"}],"version-history":[{"count":13,"href":"https:\/\/lippstaedter-liegenschaftsverwaltung.de\/index.php?rest_route=\/wp\/v2\/pages\/21\/revisions"}],"predecessor-version":[{"id":272,"href":"https:\/\/lippstaedter-liegenschaftsverwaltung.de\/index.php?rest_route=\/wp\/v2\/pages\/21\/revisions\/272"}],"wp:attachment":[{"href":"https:\/\/lippstaedter-liegenschaftsverwaltung.de\/index.php?rest_route=%2Fwp%2Fv2%2Fmedia&parent=21"}],"curies":[{"name":"wp","href":"https:\/\/api.w.org\/{rel}","templated":true}]}}