{"id":17,"date":"2013-08-03T16:36:02","date_gmt":"2013-08-03T14:36:02","guid":{"rendered":"http:\/\/lippstaedter-liegenschaftsverwaltung.de\/?page_id=17"},"modified":"2013-08-03T21:42:44","modified_gmt":"2013-08-03T19:42:44","slug":"verkehrswertgutachten","status":"publish","type":"page","link":"https:\/\/lippstaedter-liegenschaftsverwaltung.de\/?page_id=17","title":{"rendered":"Verkehrswertgutachten"},"content":{"rendered":"<p><span style=\"color: #333333;\">\u00a0<\/span><\/p>\n<p><span style=\"color: #333333;\"><strong><span style=\"font-family: arial,helvetica,sans-serif; font-size: small;\">Verkehrswert\/ Marktwert<\/span><\/strong><\/span><\/p>\n<p><span style=\"font-family: arial,helvetica,sans-serif; font-size: small; color: #333333;\">Im Gegensatz zum Beleihungswert stellt der Verkehrswert\/ Marktwert einen stichtagsbezogen Wert dar. Der Verkehrswert (Marktwert) wird gem. \u00a7 194 BauGB durch den Preis bestimmt, der in dem Zeitpunkt, auf den sich die Wertermittlung bezieht, im gew\u00f6hnlichen Gesch\u00e4ftsverkehr nach den rechtlichen Gegebenheiten und tats\u00e4chlichen Eigenschaften, der sonstigen Beschaffenheit und der Lage des Grundst\u00fccks oder des sonstigen Gegenstands der Wertermittlung ohne R\u00fccksicht auf ungew\u00f6hnliche oder pers\u00f6nliche Verh\u00e4ltnisse zu erzielen w\u00e4re. <\/span><\/p>\n<p><span style=\"font-family: arial,helvetica,sans-serif; font-size: small; color: #333333;\">M\u00f6gliche Anl\u00e4sse sind:<br \/>\n<\/span><\/p>\n<ul>\n<li><span style=\"color: #333333;\"><em><strong><span style=\"font-family: arial,helvetica,sans-serif; font-size: small;\">Verm\u00f6gens\u00fcberg\u00e4nge (Kauf\/ Verkauf\/ Schenkung)<\/span><\/strong><\/em><\/span><\/li>\n<li><span style=\"color: #333333;\"><em><strong><span style=\"font-family: arial,helvetica,sans-serif; font-size: small;\">Vorlage bei Finanz- und Steuerbeh\u00f6rden<\/span><\/strong><\/em><\/span><\/li>\n<li><span style=\"color: #333333;\"><em><strong><span style=\"font-family: arial,helvetica,sans-serif; font-size: small;\">Vormundschaftsverfahren<\/span><\/strong><\/em><\/span><\/li>\n<li><span style=\"color: #333333;\"><em><strong><span style=\"font-family: arial,helvetica,sans-serif; font-size: small;\">Zwangsversteigerungsverfahren<\/span><\/strong><\/em><\/span><\/li>\n<li><span style=\"color: #333333;\"><em><strong><span style=\"font-family: arial,helvetica,sans-serif; font-size: small;\">Insolvenzverfahren<\/span><\/strong><\/em><\/span><\/li>\n<li><span style=\"color: #333333;\"><em><strong><span style=\"font-family: arial,helvetica,sans-serif; font-size: small;\">Umlegungsverfahren<\/span><\/strong><\/em><\/span><\/li>\n<li><span style=\"color: #333333;\"><em><strong><span style=\"font-family: arial,helvetica,sans-serif; font-size: small;\">Immobilienfinanzierung<\/span><\/strong><\/em><\/span><\/li>\n<li><span style=\"color: #333333;\"><em><strong><span style=\"font-family: arial,helvetica,sans-serif; font-size: small;\">Erb- und Scheidungsauseinandersetzungen<\/span><\/strong><\/em><\/span><\/li>\n<li><span style=\"color: #333333;\"><em><strong><span style=\"font-family: arial,helvetica,sans-serif; font-size: small;\">Zugewinnausgleichsverfahren<\/span><\/strong><\/em><\/span><\/li>\n<\/ul>\n","protected":false},"excerpt":{"rendered":"<p>\u00a0 Verkehrswert\/ Marktwert Im Gegensatz zum Beleihungswert stellt der Verkehrswert\/ Marktwert einen stichtagsbezogen Wert dar. Der Verkehrswert (Marktwert) wird gem. \u00a7 194 BauGB durch den Preis bestimmt, der in dem Zeitpunkt, auf den sich die Wertermittlung bezieht, im gew\u00f6hnlichen Gesch\u00e4ftsverkehr nach den rechtlichen Gegebenheiten und tats\u00e4chlichen Eigenschaften, der sonstigen Beschaffenheit und der Lage des Grundst\u00fccks&hellip; <a href=\"https:\/\/lippstaedter-liegenschaftsverwaltung.de\/?page_id=17\">Read More<\/a><\/p>\n","protected":false},"author":1,"featured_media":0,"parent":7,"menu_order":6,"comment_status":"closed","ping_status":"closed","template":"","meta":{"footnotes":""},"class_list":["post-17","page","type-page","status-publish","hentry"],"_links":{"self":[{"href":"https:\/\/lippstaedter-liegenschaftsverwaltung.de\/index.php?rest_route=\/wp\/v2\/pages\/17","targetHints":{"allow":["GET"]}}],"collection":[{"href":"https:\/\/lippstaedter-liegenschaftsverwaltung.de\/index.php?rest_route=\/wp\/v2\/pages"}],"about":[{"href":"https:\/\/lippstaedter-liegenschaftsverwaltung.de\/index.php?rest_route=\/wp\/v2\/types\/page"}],"author":[{"embeddable":true,"href":"https:\/\/lippstaedter-liegenschaftsverwaltung.de\/index.php?rest_route=\/wp\/v2\/users\/1"}],"replies":[{"embeddable":true,"href":"https:\/\/lippstaedter-liegenschaftsverwaltung.de\/index.php?rest_route=%2Fwp%2Fv2%2Fcomments&post=17"}],"version-history":[{"count":3,"href":"https:\/\/lippstaedter-liegenschaftsverwaltung.de\/index.php?rest_route=\/wp\/v2\/pages\/17\/revisions"}],"predecessor-version":[{"id":68,"href":"https:\/\/lippstaedter-liegenschaftsverwaltung.de\/index.php?rest_route=\/wp\/v2\/pages\/17\/revisions\/68"}],"up":[{"embeddable":true,"href":"https:\/\/lippstaedter-liegenschaftsverwaltung.de\/index.php?rest_route=\/wp\/v2\/pages\/7"}],"wp:attachment":[{"href":"https:\/\/lippstaedter-liegenschaftsverwaltung.de\/index.php?rest_route=%2Fwp%2Fv2%2Fmedia&parent=17"}],"curies":[{"name":"wp","href":"https:\/\/api.w.org\/{rel}","templated":true}]}}