{"id":15,"date":"2013-08-03T16:35:17","date_gmt":"2013-08-03T14:35:17","guid":{"rendered":"http:\/\/lippstaedter-liegenschaftsverwaltung.de\/?page_id=15"},"modified":"2013-08-03T21:40:42","modified_gmt":"2013-08-03T19:40:42","slug":"mietwertgutachten","status":"publish","type":"page","link":"https:\/\/lippstaedter-liegenschaftsverwaltung.de\/?page_id=15","title":{"rendered":"Mietwertgutachten"},"content":{"rendered":"<p>&nbsp;<\/p>\n<p><span style=\"font-family: arial,helvetica,sans-serif; font-size: small; color: #333333;\">Mit Hilfe eines Mietwertgutachtens wird die orts\u00fcbliche Vergleichsmiete f\u00fcr ein zu bewertendes Objekt ermittelt und der tats\u00e4chliche Mietzins auf Angemessenheit \u00fcberpr\u00fcft. Die orts\u00fcbliche Vergleichsmiete i. S. d. \u00a7 558 Abs. 2 BGB wird aus den Entgelten gebildet, die in der jeweiligen Gemeinde oder vergleichbaren Gemeinden f\u00fcr nicht preisgebundenen Wohnraum vergleichbarer Art, Gr\u00f6\u00dfe, Ausstattung, Beschaffenheit und Lage in den zur\u00fcckliegenden vier Jahren vereinbart oder ge\u00e4ndert worden waren &#8211; Erh\u00f6hungen i. S. d. \u00a7 560 BGB ausgenommen.<\/span><\/p>\n<p><span style=\"font-family: arial,helvetica,sans-serif; font-size: small; color: #333333;\">M\u00f6gliche Anl\u00e4sse sind die Ermittlung bzw. Begr\u00fcndung, \u00dcberpr\u00fcfung und Berechnung von:<br \/>\n<\/span><\/p>\n<ul>\n<li><span style=\"color: #333333;\"><em><strong><span style=\"font-family: arial,helvetica,sans-serif; font-size: small;\">kalkulatorisch angesetzter Mieten<\/span><\/strong><\/em><\/span><\/li>\n<li><span style=\"color: #333333;\"><em><strong><span style=\"font-family: arial,helvetica,sans-serif; font-size: small;\">Mieterh\u00f6hungsbegehren<\/span><\/strong><\/em><\/span><\/li>\n<li><span style=\"color: #333333;\"><em><strong><span style=\"font-family: arial,helvetica,sans-serif; font-size: small;\">Nutzungsentsch\u00e4digungen<\/span><\/strong><\/em><\/span><\/li>\n<\/ul>\n","protected":false},"excerpt":{"rendered":"<p>&nbsp; Mit Hilfe eines Mietwertgutachtens wird die orts\u00fcbliche Vergleichsmiete f\u00fcr ein zu bewertendes Objekt ermittelt und der tats\u00e4chliche Mietzins auf Angemessenheit \u00fcberpr\u00fcft. Die orts\u00fcbliche Vergleichsmiete i. S. d. \u00a7 558 Abs. 2 BGB wird aus den Entgelten gebildet, die in der jeweiligen Gemeinde oder vergleichbaren Gemeinden f\u00fcr nicht preisgebundenen Wohnraum vergleichbarer Art, Gr\u00f6\u00dfe, Ausstattung, Beschaffenheit&hellip; <a href=\"https:\/\/lippstaedter-liegenschaftsverwaltung.de\/?page_id=15\">Read More<\/a><\/p>\n","protected":false},"author":1,"featured_media":0,"parent":7,"menu_order":5,"comment_status":"closed","ping_status":"closed","template":"","meta":{"footnotes":""},"class_list":["post-15","page","type-page","status-publish","hentry"],"_links":{"self":[{"href":"https:\/\/lippstaedter-liegenschaftsverwaltung.de\/index.php?rest_route=\/wp\/v2\/pages\/15","targetHints":{"allow":["GET"]}}],"collection":[{"href":"https:\/\/lippstaedter-liegenschaftsverwaltung.de\/index.php?rest_route=\/wp\/v2\/pages"}],"about":[{"href":"https:\/\/lippstaedter-liegenschaftsverwaltung.de\/index.php?rest_route=\/wp\/v2\/types\/page"}],"author":[{"embeddable":true,"href":"https:\/\/lippstaedter-liegenschaftsverwaltung.de\/index.php?rest_route=\/wp\/v2\/users\/1"}],"replies":[{"embeddable":true,"href":"https:\/\/lippstaedter-liegenschaftsverwaltung.de\/index.php?rest_route=%2Fwp%2Fv2%2Fcomments&post=15"}],"version-history":[{"count":4,"href":"https:\/\/lippstaedter-liegenschaftsverwaltung.de\/index.php?rest_route=\/wp\/v2\/pages\/15\/revisions"}],"predecessor-version":[{"id":65,"href":"https:\/\/lippstaedter-liegenschaftsverwaltung.de\/index.php?rest_route=\/wp\/v2\/pages\/15\/revisions\/65"}],"up":[{"embeddable":true,"href":"https:\/\/lippstaedter-liegenschaftsverwaltung.de\/index.php?rest_route=\/wp\/v2\/pages\/7"}],"wp:attachment":[{"href":"https:\/\/lippstaedter-liegenschaftsverwaltung.de\/index.php?rest_route=%2Fwp%2Fv2%2Fmedia&parent=15"}],"curies":[{"name":"wp","href":"https:\/\/api.w.org\/{rel}","templated":true}]}}