{"id":11,"date":"2013-08-03T16:33:57","date_gmt":"2013-08-03T14:33:57","guid":{"rendered":"http:\/\/lippstaedter-liegenschaftsverwaltung.de\/?page_id=11"},"modified":"2013-08-03T21:29:20","modified_gmt":"2013-08-03T19:29:20","slug":"technische-verwaltung","status":"publish","type":"page","link":"https:\/\/lippstaedter-liegenschaftsverwaltung.de\/?page_id=11","title":{"rendered":"Technische Verwaltung"},"content":{"rendered":"<p align=\"JUSTIFY\"><span style=\"font-family: arial,helvetica,sans-serif; font-size: small; color: #333333;\">Unsere Priorit\u00e4t bei der<i><b> technischen Verwaltung<\/b><\/i><b> <\/b>von Immobilien liegt auf dem Substanzerhalt sowie der Wirtschaftlichkeit. Ein permanentes, konsequent qualit\u00e4tsorientiertes Management hat die Begrenzung der Betriebs- und Instandhaltungskosten zum Ziel und f\u00f6rdert damit die Vermietbarkeit Ihrer Immobilien sowie die Sicherung und Erh\u00f6hung der Rendite.<\/span><\/p>\n<p align=\"JUSTIFY\"><span style=\"font-family: arial,helvetica,sans-serif; font-size: small; color: #333333;\">Wir haben die technische Betreuung Ihrer Immobilie auf die folgenden sechs Leistungsebenen abgestellt<i>:<\/i><\/span><\/p>\n<ul>\n<li><span style=\"font-family: arial,helvetica,sans-serif; font-size: small; color: #333333;\">Instandhaltungsmanagement<\/span><\/li>\n<li><span style=\"font-family: arial,helvetica,sans-serif; font-size: small; color: #333333;\">Planungsleistungen<\/span><\/li>\n<li><span style=\"font-family: arial,helvetica,sans-serif; font-size: small; color: #333333;\">Prozessoptimierung<\/span><\/li>\n<li><span style=\"font-family: arial,helvetica,sans-serif; font-size: small; color: #333333;\">Dokumentation<\/span><\/li>\n<li><span style=\"font-family: arial,helvetica,sans-serif; font-size: small; color: #333333;\">Energiemanagement<\/span><\/li>\n<li><span style=\"font-family: arial,helvetica,sans-serif; font-size: small; color: #333333;\">Modernisierung\/ Sanierung<\/span><\/li>\n<\/ul>\n<p align=\"JUSTIFY\"><span style=\"font-family: arial,helvetica,sans-serif; font-size: small; color: #333333;\">Mit diesen Leistungsbereichen decken wir den technischen Handlungsbedarf ganzheitlich ab und gew\u00e4hrleisten eine optimale Betreuung f\u00fcr Ihre Immobilie.<\/span><\/p>\n<p align=\"JUSTIFY\"><span style=\"font-family: arial,helvetica,sans-serif; font-size: small; color: #333333;\"><b>Ziele des technischen Managements<\/b><\/span><\/p>\n<p align=\"JUSTIFY\"><span style=\"font-family: arial,helvetica,sans-serif; font-size: small; color: #333333;\">Wir verfolgen mit dem Investor abgestimmte Hauptziele zur Bestandsoptimierung:<\/span><\/p>\n<ul>\n<li><span style=\"font-family: arial,helvetica,sans-serif; font-size: small; color: #333333;\">Sicherung der Verm\u00f6genswerte der Immobilie<\/span><\/li>\n<li><span style=\"font-family: arial,helvetica,sans-serif; font-size: small; color: #333333;\">Gew\u00e4hrleistung der Funktionsf\u00e4higkeit der Immobilie<\/span><\/li>\n<li><span style=\"font-family: arial,helvetica,sans-serif; font-size: small; color: #333333;\">Optimierung der Instandhaltung- und Folgekosten<\/span><\/li>\n<li><span style=\"font-family: arial,helvetica,sans-serif; font-size: small; color: #333333;\">Nachhaltige Sicherung der Wirtschaftlichkeit der Immobilie<\/span><\/li>\n<\/ul>\n<p><span style=\"font-family: arial,helvetica,sans-serif; font-size: small; color: #333333;\">Unser Partner, das Architektur- und Sachverst\u00e4ndigen Rakoczy, erledigt dabei Planungs- und die Vergabe von Bauleistungen des gesamten Katalogs der HOAI.<\/span><\/p>\n<p>&nbsp;<\/p>\n<p align=\"JUSTIFY\"><span style=\"font-family: arial,helvetica,sans-serif; font-size: small; color: #333333;\"><i><b>Vor-Ort Ansprechpartner<\/b><\/i><\/span><\/p>\n<p align=\"JUSTIFY\"><span style=\"font-family: arial,helvetica,sans-serif; font-size: small; color: #333333;\">Durch regelm\u00e4\u00dfige Pr\u00e4senz in der Immobilie steht Verwalter allen Mietern auch als <a title=\"Kontakt\" href=\"https:\/\/lippstaedter-liegenschaftsverwaltung.de\/?page_id=25\"><strong><span style=\"color: #3366ff;\"><span style=\"color: #3366ff;\">Vor-Ort-Ansprechpartner<\/span><\/span><\/strong><\/a> zu Verf\u00fcgung.<\/span><\/p>\n","protected":false},"excerpt":{"rendered":"<p>Unsere Priorit\u00e4t bei der technischen Verwaltung von Immobilien liegt auf dem Substanzerhalt sowie der Wirtschaftlichkeit. Ein permanentes, konsequent qualit\u00e4tsorientiertes Management hat die Begrenzung der Betriebs- und Instandhaltungskosten zum Ziel und f\u00f6rdert damit die Vermietbarkeit Ihrer Immobilien sowie die Sicherung und Erh\u00f6hung der Rendite. Wir haben die technische Betreuung Ihrer Immobilie auf die folgenden sechs Leistungsebenen&hellip; <a href=\"https:\/\/lippstaedter-liegenschaftsverwaltung.de\/?page_id=11\">Read More<\/a><\/p>\n","protected":false},"author":1,"featured_media":0,"parent":7,"menu_order":3,"comment_status":"closed","ping_status":"closed","template":"","meta":{"footnotes":""},"class_list":["post-11","page","type-page","status-publish","hentry"],"_links":{"self":[{"href":"https:\/\/lippstaedter-liegenschaftsverwaltung.de\/index.php?rest_route=\/wp\/v2\/pages\/11","targetHints":{"allow":["GET"]}}],"collection":[{"href":"https:\/\/lippstaedter-liegenschaftsverwaltung.de\/index.php?rest_route=\/wp\/v2\/pages"}],"about":[{"href":"https:\/\/lippstaedter-liegenschaftsverwaltung.de\/index.php?rest_route=\/wp\/v2\/types\/page"}],"author":[{"embeddable":true,"href":"https:\/\/lippstaedter-liegenschaftsverwaltung.de\/index.php?rest_route=\/wp\/v2\/users\/1"}],"replies":[{"embeddable":true,"href":"https:\/\/lippstaedter-liegenschaftsverwaltung.de\/index.php?rest_route=%2Fwp%2Fv2%2Fcomments&post=11"}],"version-history":[{"count":4,"href":"https:\/\/lippstaedter-liegenschaftsverwaltung.de\/index.php?rest_route=\/wp\/v2\/pages\/11\/revisions"}],"predecessor-version":[{"id":58,"href":"https:\/\/lippstaedter-liegenschaftsverwaltung.de\/index.php?rest_route=\/wp\/v2\/pages\/11\/revisions\/58"}],"up":[{"embeddable":true,"href":"https:\/\/lippstaedter-liegenschaftsverwaltung.de\/index.php?rest_route=\/wp\/v2\/pages\/7"}],"wp:attachment":[{"href":"https:\/\/lippstaedter-liegenschaftsverwaltung.de\/index.php?rest_route=%2Fwp%2Fv2%2Fmedia&parent=11"}],"curies":[{"name":"wp","href":"https:\/\/api.w.org\/{rel}","templated":true}]}}